{"id":13,"date":"2021-10-19T13:29:41","date_gmt":"2021-10-19T11:29:41","guid":{"rendered":"https:\/\/boucaut.be\/nl\/?page_id=13"},"modified":"2021-11-26T11:22:46","modified_gmt":"2021-11-26T10:22:46","slug":"residentie","status":"publish","type":"page","link":"https:\/\/boucaut.be\/nl\/residentie\/","title":{"rendered":"Residentie"},"content":{"rendered":"<p>Uw verblijf in de \u201cAnc. Seigneurie de Boucaut\u201d<\/p>\n<p>Onze hoeve beschikt over vijf volledig gescheiden vakantiewoningen :<\/p>\n<p><a href=\"https:\/\/boucaut.be\/nl\/gite-lecurie\/\">G\u00eete l\u2019\u00e9curie<\/a> (max 9 pers)<\/p>\n<p><a href=\"https:\/\/boucaut.be\/nl\/gite-le-fenil\/\">G\u00eete le Fenil<\/a> (max 5 pers)<\/p>\n<p><a href=\"https:\/\/boucaut.be\/nl\/gite-letable\/\">G\u00eete l\u2019\u00e9table<\/a> (max 7\/10 pers)<\/p>\n<p><a href=\"https:\/\/boucaut.be\/nl\/gite-la-grange\/\">G\u00eete La Grange<\/a> (max 17\/21 pers)<\/p>\n<p><a href=\"https:\/\/boucaut.be\/nl\/tiny-house-le-pigeonnier\/\">G\u00eete Le Pigeonnier<\/a> (max 2pers)<\/p>\n<p>Er is een gemeenschappelijke parking en speeltuin. Alles is afgesloten en beveiligd met automatische poort.<\/p>\n","protected":false},"excerpt":{"rendered":"<p>Uw verblijf in de \u201cAnc. Seigneurie de Boucaut\u201d Onze hoeve beschikt over vijf volledig gescheiden vakantiewoningen : G\u00eete l\u2019\u00e9curie (max 9 pers) G\u00eete le Fenil (max 5 pers) G\u00eete l\u2019\u00e9table (max 7\/10 pers) G\u00eete La Grange (max 17\/21 pers) G\u00eete Le Pigeonnier (max 2pers) Er is een gemeenschappelijke parking en speeltuin. Alles is afgesloten en [&hellip;]<\/p>\n","protected":false},"author":1,"featured_media":0,"parent":0,"menu_order":0,"comment_status":"closed","ping_status":"closed","template":"","meta":{"ngg_post_thumbnail":0,"footnotes":""},"class_list":["post-13","page","type-page","status-publish","hentry"],"_links":{"self":[{"href":"https:\/\/boucaut.be\/nl\/wp-json\/wp\/v2\/pages\/13","targetHints":{"allow":["GET"]}}],"collection":[{"href":"https:\/\/boucaut.be\/nl\/wp-json\/wp\/v2\/pages"}],"about":[{"href":"https:\/\/boucaut.be\/nl\/wp-json\/wp\/v2\/types\/page"}],"author":[{"embeddable":true,"href":"https:\/\/boucaut.be\/nl\/wp-json\/wp\/v2\/users\/1"}],"replies":[{"embeddable":true,"href":"https:\/\/boucaut.be\/nl\/wp-json\/wp\/v2\/comments?post=13"}],"version-history":[{"count":5,"href":"https:\/\/boucaut.be\/nl\/wp-json\/wp\/v2\/pages\/13\/revisions"}],"predecessor-version":[{"id":194,"href":"https:\/\/boucaut.be\/nl\/wp-json\/wp\/v2\/pages\/13\/revisions\/194"}],"wp:attachment":[{"href":"https:\/\/boucaut.be\/nl\/wp-json\/wp\/v2\/media?parent=13"}],"curies":[{"name":"wp","href":"https:\/\/api.w.org\/{rel}","templated":true}]}}